{"id":580,"date":"2018-04-24T21:17:30","date_gmt":"2018-04-24T19:17:30","guid":{"rendered":"http:\/\/www.lasonrisadeafrodita.com\/blog\/?page_id=580"},"modified":"2020-02-25T19:12:49","modified_gmt":"2020-02-25T18:12:49","slug":"envios-canarias-ceuta-melilla","status":"publish","type":"page","link":"https:\/\/www.lasonrisadeafrodita.com\/blog\/envios-canarias-ceuta-melilla\/","title":{"rendered":"Sexshop: Env\u00edos a Canarias, Ceuta y Melilla"},"content":{"rendered":"<p>[vc_row][vc_column][vc_btn title=\u00bbAdelante!\u00bb style=\u00bboutline\u00bb][vc_column_text]Con La Sonrisa de Afrodita podr\u00e1s recibir tus compras de tu Sex Shop online en Canarias, Ceuta y Melilla.<\/p>\n<p>Hacemos env\u00edos a las Islas Canarias mediante nuestro servicio de correo, \u00a0en dos modalidades diferentes. Tambi\u00e9n podr\u00e1s hacer tu pedido desde Ceuta y Melilla y recibir c\u00f3modamente tu paquete de tienda er\u00f3tica en casa.<\/p>\n<p>Si est\u00e1s cansado de buscar Sex Shops que realicen env\u00edos a Canarias, \u00a1no busques m\u00e1s! Desde nuestra tienda er\u00f3tica gestionaremos tus pedidos para que puedan llegar a cualquier de las 7 islas (Gran Canaria, Fuerteventura, Lanzarote, Tenerife, La Palma, La Gomera y el El Hierro). Dependiendo de la isla, el env\u00edo se realizar\u00e1 por Correos Express o por Correos.<\/p>\n<p>Igualmente, hacemos llegar tu paquete de juguetes er\u00f3ticos a Ceuta y Melilla.<\/p>\n<p>Para recibirlos de forma discreta en tu casa tan s\u00f3lo tendr\u00e1s que rellenar correctamente todos los datos necesarios (imprescindible tu DNI o NIE) para que podamos completar a documentaci\u00f3n de exportaci\u00f3n y que prepararte para disfrutar.[\/vc_column_text][\/vc_column][\/vc_row][vc_row][vc_column]<div id=\"ultimate-heading-215869f3a108ad9d2\" class=\"uvc-heading ult-adjust-bottom-margin ultimate-heading-215869f3a108ad9d2 uvc-3282 \" data-hspacer=\"no_spacer\"  data-halign=\"center\" style=\"text-align:center\"><div class=\"uvc-heading-spacer no_spacer\" style=\"top\"><\/div><div class=\"uvc-sub-heading ult-responsive\"  data-ultimate-target='.uvc-heading.ultimate-heading-215869f3a108ad9d2 .uvc-sub-heading '  data-responsive-json-new='{\"font-size\":\"\",\"line-height\":\"\"}'  style=\"font-weight:normal;\"><strong>1 Realiza tus compras en nuestra web<\/strong><\/div><\/div>[\/vc_column][\/vc_row][vc_row][vc_column width=\u00bb1\/2&#8243;][vc_column_text]<\/p>\n<p style=\"text-align: center;\">Busca el producto de tu deseo<\/p>\n<p style=\"text-align: center;\">y cuando lo encuentres&#8230;<\/p>\n<p style=\"text-align: center;\">Pulsa sobre el bot\u00f3n de \u00ab<strong>Comprar<\/strong>\u00ab<\/p>\n<p style=\"text-align: center;\">Repite la operaci\u00f3n cuantas veces desees<\/p>\n<p style=\"text-align: center;\">y cuando lo tengas todo&#8230;<\/p>\n<p style=\"text-align: center;\">Ve al carrito de la compra.<\/p>\n<p>[\/vc_column_text][\/vc_column][vc_column width=\u00bb1\/2&#8243;][vc_single_image image=\u00bb632&#8243; img_size=\u00bbmedium\u00bb alignment=\u00bbcenter\u00bb][\/vc_column][\/vc_row][vc_row][vc_column]<div id=\"ultimate-heading-989669f3a108ada78\" class=\"uvc-heading ult-adjust-bottom-margin ultimate-heading-989669f3a108ada78 uvc-2710 \" data-hspacer=\"no_spacer\"  data-halign=\"center\" style=\"text-align:center\"><div class=\"uvc-heading-spacer no_spacer\" style=\"top\"><\/div><div class=\"uvc-sub-heading ult-responsive\"  data-ultimate-target='.uvc-heading.ultimate-heading-989669f3a108ada78 .uvc-sub-heading '  data-responsive-json-new='{\"font-size\":\"\",\"line-height\":\"\"}'  style=\"font-weight:normal;\"><\/p>\n<p style=\"text-align: center;\"><strong>2. Rellena los campos indicados en rojo<br \/>\n<\/strong><\/p>\n<p><\/div><\/div>[\/vc_column][\/vc_row][vc_row][vc_column][vc_single_image image=\u00bb635&#8243; img_size=\u00bb800&#215;500&#8243; alignment=\u00bbcenter\u00bb style=\u00bbvc_box_rounded\u00bb onclick=\u00bbzoom\u00bb][\/vc_column][\/vc_row][vc_row][vc_column]<div id=\"ultimate-heading-719169f3a108adae9\" class=\"uvc-heading ult-adjust-bottom-margin ultimate-heading-719169f3a108adae9 uvc-9960 \" data-hspacer=\"no_spacer\"  data-halign=\"center\" style=\"text-align:center\"><div class=\"uvc-heading-spacer no_spacer\" style=\"top\"><\/div><div class=\"uvc-sub-heading ult-responsive\"  data-ultimate-target='.uvc-heading.ultimate-heading-719169f3a108adae9 .uvc-sub-heading '  data-responsive-json-new='{\"font-size\":\"\",\"line-height\":\"\"}'  style=\"font-weight:normal;\"><\/p>\n<p style=\"text-align: center;\">\u00a0<strong>3. Selecciona el tipo de env\u00edo<\/strong><\/p>\n<p><\/div><\/div>[\/vc_column][\/vc_row][vc_row][vc_column width=\u00bb1\/2&#8243;][vc_column_text]<strong>Servicio Correos Express Canarias:<\/strong> Esta opci\u00f3n consiste en un env\u00edo por Correos Express (si el destino es una isla mayor) o por Correos (si el destino es una isla menor). Nosotros nos encargamos del DUA de exportaci\u00f3n. Ten en cuenta que con esta modalidad te solicitar\u00e1n el pago de IGIC y las tasas arancelarias antes de entregarte tu pedido.[\/vc_column_text][vc_column_text]<strong>Servicio Premium todo incluido:\u00a0<\/strong>Con este m\u00e9todo de env\u00edo somos nosotros que nos hacemos cargo del env\u00edo y de TODAS las tramitaciones en destino. As\u00ed solo te tienes que preocupar de recibir el paquete en tu casa o en la oficina de Correos que mejor te vaya.[\/vc_column_text][\/vc_column][vc_column width=\u00bb1\/2&#8243;][vc_single_image image=\u00bb638&#8243; img_size=\u00bb600&#215;400&#8243; alignment=\u00bbcenter\u00bb][\/vc_column][\/vc_row][vc_row][vc_column][vc_btn title=\u00bbAdelante!\u00bb style=\u00bboutline\u00bb][vc_column_text]Y hasta aqu\u00ed todos los pasos para recibir tu pedido de tu tienda online de productos er\u00f3ticos en Canarias, Ceuta y Melilla. Si tienes cualquier duda acerca de c\u00f3mo se tramitar\u00e1 tu pedido, te invitamos a ponerte en contacto con nosotros&#8230; \u00a1Estaremos encantados de atenderte! Puedes hacerlo en info@lasonrisadeafrodita.com o por tel\u00e9fono\/WhatsApp 668836968.[\/vc_column_text][\/vc_column][\/vc_row]<\/p>\n","protected":false},"excerpt":{"rendered":"<p>[vc_row][vc_column][vc_btn title=\u00bbAdelante!\u00bb style=\u00bboutline\u00bb][vc_column_text]Con La Sonrisa de Afrodita podr\u00e1s recibir tus compras de tu Sex Shop online en Canarias, Ceuta y Melilla. Hacemos env\u00edos a las Islas Canarias mediante nuestro servicio de correo, \u00a0en dos modalidades diferentes. Tambi\u00e9n podr\u00e1s hacer tu pedido desde Ceuta y Melilla y recibir c\u00f3modamente tu paquete de tienda er\u00f3tica en casa.&hellip;<\/p>\n","protected":false},"author":1,"featured_media":0,"parent":0,"menu_order":0,"comment_status":"closed","ping_status":"closed","template":"","meta":[],"yoast_head":"<!-- This site is optimized with the Yoast SEO plugin v14.4.1 - https:\/\/yoast.com\/wordpress\/plugins\/seo\/ -->\n<title>Sexshop: Env\u00edos a Canarias, Ceuta y Melilla - La Sonrisa de Afrodita<\/title>\n<meta name=\"description\" content=\"\u00bfCansado de buscar un Sexshop o Lovestore en la pen\u00ednsula que realice env\u00edos a Canarias, Ceuta o Melilla? \u00a1No busques m\u00e1s! Nos has encontrado. Servicio completo de env\u00edo con tramitaci\u00f3n aduanera y aranceles inclu\u00eddo. Realiza tus compras y nosotros nos encargamos del resto para que t\u00fa disfrutes.\" \/>\n<meta name=\"robots\" content=\"index, follow\" \/>\n<meta name=\"googlebot\" content=\"index, follow, max-snippet:-1, max-image-preview:large, max-video-preview:-1\" \/>\n<meta name=\"bingbot\" content=\"index, follow, max-snippet:-1, max-image-preview:large, max-video-preview:-1\" \/>\n<link rel=\"canonical\" href=\"https:\/\/www.lasonrisadeafrodita.com\/blog\/envios-canarias-ceuta-melilla\/\" \/>\n<meta property=\"og:locale\" content=\"es_ES\" \/>\n<meta property=\"og:type\" content=\"article\" \/>\n<meta property=\"og:title\" content=\"Sexshop: Env\u00edos a Canarias, Ceuta y Melilla - La Sonrisa de Afrodita\" \/>\n<meta property=\"og:description\" content=\"\u00bfCansado de buscar un Sexshop o Lovestore en la pen\u00ednsula que realice env\u00edos a Canarias, Ceuta o Melilla? \u00a1No busques m\u00e1s! Nos has encontrado. Servicio completo de env\u00edo con tramitaci\u00f3n aduanera y aranceles inclu\u00eddo. Realiza tus compras y nosotros nos encargamos del resto para que t\u00fa disfrutes.\" \/>\n<meta property=\"og:url\" content=\"https:\/\/www.lasonrisadeafrodita.com\/blog\/envios-canarias-ceuta-melilla\/\" \/>\n<meta property=\"og:site_name\" content=\"La Sonrisa de Afrodita\" \/>\n<meta property=\"article:publisher\" content=\"https:\/\/www.facebook.com\/lasonrisadeafrodita\/\" \/>\n<meta property=\"article:modified_time\" content=\"2020-02-25T18:12:49+00:00\" \/>\n<meta property=\"og:image\" content=\"https:\/\/www.lasonrisadeafrodita.com\/blog\/wp-content\/uploads\/2016\/04\/favicon.png\" \/>\n\t<meta property=\"og:image:width\" content=\"512\" \/>\n\t<meta property=\"og:image:height\" content=\"512\" \/>\n<meta name=\"twitter:card\" content=\"summary_large_image\" \/>\n<meta name=\"twitter:creator\" content=\"@sonrisafrodita\" \/>\n<meta name=\"twitter:site\" content=\"@sonrisafrodita\" \/>\n<script type=\"application\/ld+json\" class=\"yoast-schema-graph\">{\"@context\":\"https:\/\/schema.org\",\"@graph\":[{\"@type\":\"Organization\",\"@id\":\"https:\/\/www.lasonrisadeafrodita.com\/blog\/#organization\",\"name\":\"La Sonrisa de Afrodita: Sexshop Online y Proveedores de Placer\",\"url\":\"https:\/\/www.lasonrisadeafrodita.com\/blog\/\",\"sameAs\":[\"https:\/\/www.facebook.com\/lasonrisadeafrodita\/\",\"https:\/\/www.instagram.com\/bea_afrodita\/\",\"https:\/\/www.youtube.com\/user\/LaSonrisadeAfrodita\",\"https:\/\/twitter.com\/sonrisafrodita\"],\"logo\":{\"@type\":\"ImageObject\",\"@id\":\"https:\/\/www.lasonrisadeafrodita.com\/blog\/#logo\",\"inLanguage\":\"es\",\"url\":\"https:\/\/www.lasonrisadeafrodita.com\/blog\/wp-content\/uploads\/2016\/04\/logo-lsda.png\",\"width\":320,\"height\":90,\"caption\":\"La Sonrisa de Afrodita: Sexshop Online y Proveedores de Placer\"},\"image\":{\"@id\":\"https:\/\/www.lasonrisadeafrodita.com\/blog\/#logo\"}},{\"@type\":\"WebSite\",\"@id\":\"https:\/\/www.lasonrisadeafrodita.com\/blog\/#website\",\"url\":\"https:\/\/www.lasonrisadeafrodita.com\/blog\/\",\"name\":\"La Sonrisa de Afrodita\",\"description\":\"Sexshop Online. Tienda Er\\u00f3tica Online con los productos m\\u00e1s novedosos.\",\"publisher\":{\"@id\":\"https:\/\/www.lasonrisadeafrodita.com\/blog\/#organization\"},\"potentialAction\":[{\"@type\":\"SearchAction\",\"target\":\"https:\/\/www.lasonrisadeafrodita.com\/blog\/?s={search_term_string}\",\"query-input\":\"required name=search_term_string\"}],\"inLanguage\":\"es\"},{\"@type\":\"WebPage\",\"@id\":\"https:\/\/www.lasonrisadeafrodita.com\/blog\/envios-canarias-ceuta-melilla\/#webpage\",\"url\":\"https:\/\/www.lasonrisadeafrodita.com\/blog\/envios-canarias-ceuta-melilla\/\",\"name\":\"Sexshop: Env\\u00edos a Canarias, Ceuta y Melilla - La Sonrisa de Afrodita\",\"isPartOf\":{\"@id\":\"https:\/\/www.lasonrisadeafrodita.com\/blog\/#website\"},\"datePublished\":\"2018-04-24T19:17:30+00:00\",\"dateModified\":\"2020-02-25T18:12:49+00:00\",\"description\":\"\\u00bfCansado de buscar un Sexshop o Lovestore en la pen\\u00ednsula que realice env\\u00edos a Canarias, Ceuta o Melilla? \\u00a1No busques m\\u00e1s! Nos has encontrado. Servicio completo de env\\u00edo con tramitaci\\u00f3n aduanera y aranceles inclu\\u00eddo. Realiza tus compras y nosotros nos encargamos del resto para que t\\u00fa disfrutes.\",\"inLanguage\":\"es\",\"potentialAction\":[{\"@type\":\"ReadAction\",\"target\":[\"https:\/\/www.lasonrisadeafrodita.com\/blog\/envios-canarias-ceuta-melilla\/\"]}]}]}<\/script>\n<!-- \/ Yoast SEO plugin. -->","_links":{"self":[{"href":"https:\/\/www.lasonrisadeafrodita.com\/blog\/wp-json\/wp\/v2\/pages\/580"}],"collection":[{"href":"https:\/\/www.lasonrisadeafrodita.com\/blog\/wp-json\/wp\/v2\/pages"}],"about":[{"href":"https:\/\/www.lasonrisadeafrodita.com\/blog\/wp-json\/wp\/v2\/types\/page"}],"author":[{"embeddable":true,"href":"https:\/\/www.lasonrisadeafrodita.com\/blog\/wp-json\/wp\/v2\/users\/1"}],"replies":[{"embeddable":true,"href":"https:\/\/www.lasonrisadeafrodita.com\/blog\/wp-json\/wp\/v2\/comments?post=580"}],"version-history":[{"count":2,"href":"https:\/\/www.lasonrisadeafrodita.com\/blog\/wp-json\/wp\/v2\/pages\/580\/revisions"}],"predecessor-version":[{"id":1175,"href":"https:\/\/www.lasonrisadeafrodita.com\/blog\/wp-json\/wp\/v2\/pages\/580\/revisions\/1175"}],"wp:attachment":[{"href":"https:\/\/www.lasonrisadeafrodita.com\/blog\/wp-json\/wp\/v2\/media?parent=580"}],"curies":[{"name":"wp","href":"https:\/\/api.w.org\/{rel}","templated":true}]}}