{"id":703,"date":"2018-07-25T21:34:56","date_gmt":"2018-07-25T19:34:56","guid":{"rendered":"https:\/\/www.lasonrisadeafrodita.com\/blog\/?page_id=703"},"modified":"2018-08-19T10:33:00","modified_gmt":"2018-08-19T08:33:00","slug":"paga-a-plazos-tu-pedido-de-la-sonrisa-de-afrodita","status":"publish","type":"page","link":"https:\/\/www.lasonrisadeafrodita.com\/blog\/paga-a-plazos-tu-pedido-de-la-sonrisa-de-afrodita\/","title":{"rendered":"Paga a plazos tu pedido de La Sonrisa de Afrodita"},"content":{"rendered":"<p>[vc_row full_width=\u00bbstretch_row_content_no_spaces\u00bb parallax=\u00bbcontent-moving\u00bb css=\u00bb.vc_custom_1456145516199{padding-top: 250px !important;padding-bottom: 250px !important;background-color: #eaeaea !important;}\u00bb][vc_column][\/vc_column][\/vc_row][vc_row css=\u00bb.vc_custom_1453293187806{margin-top: -200px !important;background-color: #ffffff !important;}\u00bb][vc_column css=\u00bb.vc_custom_1423574892319{background-color: #ffffff !important;}\u00bb][vc_custom_heading text=\u00bbFINANCIA TU COMPRA AL INSTANTE.<br \/>\nCOMPRA AHORA Y PAGA DESPU\u00c9S.\u00bb font_container=\u00bbtag:h2|font_size:40|text_align:center|color:%23050000|line_height:1&#8243; google_fonts=\u00bbfont_family:Montserrat%3Aregular%2C700|font_style:700%20bold%20regular%3A700%3Anormal\u00bb css=\u00bb.vc_custom_1532547013227{margin-top: 0px !important;padding-right: 200px !important;padding-bottom: 35px !important;background-color: #eaeaea !important;}\u00bb][vc_column_text css=\u00bb.vc_custom_1534666839062{margin-bottom: 20px !important;}\u00bb]En La Sonrisa de Afrodita queremos ayudarte a comprar lo que te hace tener ese momento de pasi\u00f3n solo o acompa\u00f1ado. \u00a1Ya puedes financiar tus comprar en nuestra tienda con <strong>Aplazame<\/strong>!<\/p>\n<p><strong>\u00a1Disfruta ahora, paga despu\u00e9s!<\/strong><\/p>\n<p>Es r\u00e1pido, sencillo y seguro. Elige tu producto, selecciona <strong>Aplazame<\/strong> como m\u00e9todo de pago, elige el n\u00famero de cuotas y el d\u00eda de mes en el que quieres pagar y <strong>Aplazame<\/strong> te conceder\u00e1 el cr\u00e9dito al instante. S\u00f3lo con tu email, tu m\u00f3vil y tu n\u00famero de DNI, sin papeleos y sin letra peque\u00f1a.[\/vc_column_text][vc_empty_space height=\u00bb20px\u00bb]<div id=\"ultimate-heading-249269f9e6e936400\" class=\"uvc-heading ult-adjust-bottom-margin ultimate-heading-249269f9e6e936400 uvc-927 \" data-hspacer=\"no_spacer\"  data-halign=\"center\" style=\"text-align:center\"><div class=\"uvc-heading-spacer no_spacer\" style=\"top\"><\/div><\/div>[\/vc_column][\/vc_row][vc_row][vc_column width=\u00bb1\/4&#8243;][vc_single_image image=\u00bb705&#8243; img_size=\u00bb200&#215;300&#8243; alignment=\u00bbcenter\u00bb style=\u00bbvc_box_shadow\u00bb][\/vc_column][vc_column width=\u00bb3\/4&#8243;][vc_row_inner][vc_column_inner][vc_custom_heading text=\u00bb\u00bfC\u00f3mo funciona?\u00bb font_container=\u00bbtag:h2|font_size:40|text_align:center|color:%23000000&#8243; google_fonts=\u00bbfont_family:Montserrat%3Aregular%2C700|font_style:700%20bold%20regular%3A700%3Anormal\u00bb][vc_empty_space height=\u00bb35px\u00bb][\/vc_column_inner][\/vc_row_inner][vc_column_text]<\/p>\n<p style=\"text-align: center;\">No necesitas crear ninguna cuenta para financiar una compra en <strong>Aplazame<\/strong>. S\u00f3lo tienes que seleccionar <strong>Aplazame <\/strong>como m\u00e9todo de pago en la pasarela de pago de La Sonrisa de Afrodita y completar algunos datos personales para que te respondan al instante.<\/p>\n<p>[\/vc_column_text][\/vc_column][\/vc_row][vc_row][vc_column width=\u00bb2\/3&#8243;][vc_empty_space height=\u00bb60px\u00bb][vc_custom_heading text=\u00bbSin comisiones ocultas \u00bb font_container=\u00bbtag:h2|font_size:40|text_align:center|color:%23000000&#8243; google_fonts=\u00bbfont_family:Montserrat%3Aregular%2C700|font_style:700%20bold%20regular%3A700%3Anormal\u00bb][vc_row_inner][vc_column_inner][vc_column_text]<\/p>\n<p class=\"section-description\" style=\"text-align: center;\">No hay sorpresas ni letra peque\u00f1a.\u00a0<strong>Aplazame\u00a0<\/strong>te ofrece informaci\u00f3n transparente de lo que vas a pagar y cu\u00e1ndo. Lo \u00fanico que pagar\u00e1s es lo que ver\u00e1s durante el proceso de compra. Ni un c\u00e9ntimo m\u00e1s. Y si hay alg\u00fan problema en alg\u00fan pago, <strong>Aplazame <\/strong>contactar\u00e1 contigo y har\u00e1n todo lo posible por adaptarlo a tus necesidades.<\/p>\n<p style=\"text-align: center;\"><strong>\u00a0<\/strong><\/p>\n<p>[\/vc_column_text][\/vc_column_inner][\/vc_row_inner][\/vc_column][vc_column width=\u00bb1\/3&#8243;][vc_row_inner][vc_column_inner][vc_single_image image=\u00bb707&#8243; img_size=\u00bb250&#215;350&#8243;][\/vc_column_inner][\/vc_row_inner][\/vc_column][\/vc_row][vc_row][vc_column width=\u00bb1\/4&#8243;][vc_single_image image=\u00bb709&#8243; img_size=\u00bb350&#215;500&#8243; alignment=\u00bbcenter\u00bb style=\u00bbvc_box_shadow\u00bb][\/vc_column][vc_column width=\u00bb3\/4&#8243;][vc_row_inner][vc_column_inner][vc_custom_heading text=\u00bbR\u00e1pido y f\u00e1cil\u00bb font_container=\u00bbtag:h2|font_size:40|text_align:center|color:%23000000&#8243; google_fonts=\u00bbfont_family:Montserrat%3Aregular%2C700|font_style:700%20bold%20regular%3A700%3Anormal\u00bb][vc_empty_space height=\u00bb35px\u00bb][\/vc_column_inner][\/vc_row_inner][vc_column_text]<\/p>\n<p style=\"text-align: center;\">Sin documentaci\u00f3n ni papeleo. S\u00f3lo se necesitan algunos de datos de car\u00e1cter personal. Selecciona el n\u00famero de meses en los que quieres pagar y el d\u00eda en que deseas hacerlo. <strong>Aplazame <\/strong>mostrar\u00e1 los intereses y te confirmar\u00e1n el cr\u00e9dito en segundos.<\/p>\n<p>[\/vc_column_text][\/vc_column][\/vc_row][vc_row][vc_column width=\u00bb2\/3&#8243;][vc_empty_space height=\u00bb150px\u00bb][vc_custom_heading text=\u00bbFlexible y seguro\u00bb font_container=\u00bbtag:h2|font_size:40|text_align:center|color:%23000000&#8243; google_fonts=\u00bbfont_family:Montserrat%3Aregular%2C700|font_style:700%20bold%20regular%3A700%3Anormal\u00bb][vc_row_inner][vc_column_inner][vc_column_text]<\/p>\n<p class=\"section-description\" style=\"text-align: center;\"><strong>Aplazame <\/strong>se adapta a ti. Elige con qu\u00e9 tarjeta quieres que te hagan el cargo cada mes (Puedes a\u00f1adir tantas como necesites). Por supuesto, tus datos estar\u00e1n siempre seguros. Nos tomamos la seguridad muy en serio y usamos los est\u00e1ndares m\u00e1s modernos para que est\u00e9n a salvo.<\/p>\n<p style=\"text-align: center;\"><strong>\u00a0<\/strong><\/p>\n<p>[\/vc_column_text][\/vc_column_inner][\/vc_row_inner][\/vc_column][vc_column width=\u00bb1\/3&#8243;][vc_row_inner][vc_column_inner][vc_single_image image=\u00bb710&#8243; img_size=\u00bb300&#215;550&#8243;][\/vc_column_inner][\/vc_row_inner][\/vc_column][\/vc_row][vc_row][vc_column width=\u00bb1\/4&#8243;][vc_single_image image=\u00bb713&#8243; img_size=\u00bb400&#215;550&#8243; alignment=\u00bbcenter\u00bb style=\u00bbvc_box_shadow\u00bb][\/vc_column][vc_column width=\u00bb3\/4&#8243;][vc_row_inner][vc_column_inner][vc_custom_heading text=\u00bb\u00a1Y a disfrutar de la compra!\u00bb font_container=\u00bbtag:h2|font_size:40|text_align:center|color:%23000000&#8243; google_fonts=\u00bbfont_family:Montserrat%3Aregular%2C700|font_style:700%20bold%20regular%3A700%3Anormal\u00bb][vc_empty_space height=\u00bb35px\u00bb][\/vc_column_inner][\/vc_row_inner][vc_column_text]<\/p>\n<p style=\"text-align: center;\">Cuando <strong>Aplazame <\/strong>aprueba una financiaci\u00f3n, te avisan al instante para que proceses el pedido y recibas tus productos cuanto antes.<\/p>\n<p style=\"text-align: center;\">\u00a1Ya solo te queda esperar y disfrutar con tus productos de<strong> La Sonrisa de Afrodita<\/strong>!<\/p>\n<p>[\/vc_column_text][\/vc_column][\/vc_row][vc_row][vc_column width=\u00bb2\/3&#8243;][vc_custom_heading text=\u00bbCopia del DNI\/NIE necesaria\u00bb font_container=\u00bbtag:h2|font_size:40|text_align:center|color:%23000000&#8243; google_fonts=\u00bbfont_family:Montserrat%3Aregular%2C700|font_style:700%20bold%20regular%3A700%3Anormal\u00bb][vc_row_inner][vc_column_inner][vc_column_text]<\/p>\n<p class=\"section-description\" style=\"text-align: center;\">Para cumplir con el <strong>requerimiento del Banco de Espa\u00f1a<\/strong> en relaci\u00f3n a la normativa de prevenci\u00f3n de blanqueo de capitales,\u00a0cuando acepten tu solicitud de cr\u00e9dito, te pedir\u00e1n que les env\u00edes\u00a0una copia de tu <strong>DNI\/NIE.<\/strong><\/p>\n<p style=\"text-align: center;\">Tras confirmarte el cr\u00e9dito,<strong> Aplazame<\/strong> te solicitar\u00e1 <strong>tu documentaci\u00f3n <\/strong>de una forma muy sencilla: haciendo una foto con tu dispositivo m\u00f3vil y subi\u00e9ndola posteriormente desde un enlace que te enviar\u00e1n a tu correo electr\u00f3nico.<\/p>\n<p>[\/vc_column_text][\/vc_column_inner][\/vc_row_inner][\/vc_column][vc_column width=\u00bb1\/3&#8243;][vc_row_inner][vc_column_inner][vc_single_image image=\u00bb722&#8243; img_size=\u00bbmedium\u00bb alignment=\u00bbcenter\u00bb][\/vc_column_inner][\/vc_row_inner][\/vc_column][\/vc_row][vc_row][vc_column][vc_cta h2=\u00bb\u00a1Realiza una simulaci\u00f3n con Apl\u00e1zame!\u00bb h2_google_fonts=\u00bbfont_family:Montserrat%3Aregular%2C700|font_style:700%20bold%20regular%3A700%3Anormal\u00bb txt_align=\u00bbcenter\u00bb style=\u00bboutline\u00bb color=\u00bbturquoise\u00bb add_button=\u00bbbottom\u00bb btn_title=\u00bbEmpezar demo\u00bb btn_color=\u00bbturquoise\u00bb btn_size=\u00bblg\u00bb btn_align=\u00bbcenter\u00bb css_animation=\u00bbappear\u00bb btn_link=\u00bburl:https%3A%2F%2Fdemo.aplazame.com%2F|title:Demo%20Aplazame|target:%20_blank\u00bb btn_smooth_scroll=\u00bbtrue\u00bb use_custom_fonts_h2=\u00bbtrue\u00bb]\u00bfEres de los que necesitan \u00abver para creer\u00bb?<\/p>\n<p>Utiliza este simulador paa comprobar t\u00fa mismo lo sencillo que resulta realizar tu pago aplazado[\/vc_cta][\/vc_column][\/vc_row]<\/p>\n","protected":false},"excerpt":{"rendered":"<p>[vc_row full_width=\u00bbstretch_row_content_no_spaces\u00bb parallax=\u00bbcontent-moving\u00bb css=\u00bb.vc_custom_1456145516199{padding-top: 250px !important;padding-bottom: 250px !important;background-color: #eaeaea !important;}\u00bb][vc_column][\/vc_column][\/vc_row][vc_row css=\u00bb.vc_custom_1453293187806{margin-top: -200px !important;background-color: #ffffff !important;}\u00bb][vc_column css=\u00bb.vc_custom_1423574892319{background-color: #ffffff !important;}\u00bb][vc_custom_heading text=\u00bbFINANCIA TU COMPRA AL INSTANTE. COMPRA AHORA Y PAGA DESPU\u00c9S.\u00bb font_container=\u00bbtag:h2|font_size:40|text_align:center|color:%23050000|line_height:1&#8243; google_fonts=\u00bbfont_family:Montserrat%3Aregular%2C700|font_style:700%20bold%20regular%3A700%3Anormal\u00bb css=\u00bb.vc_custom_1532547013227{margin-top: 0px !important;padding-right: 200px !important;padding-bottom: 35px !important;background-color: #eaeaea !important;}\u00bb][vc_column_text css=\u00bb.vc_custom_1534666839062{margin-bottom: 20px !important;}\u00bb]En La Sonrisa de Afrodita queremos ayudarte a comprar lo que te hace tener&hellip;<\/p>\n","protected":false},"author":1,"featured_media":0,"parent":0,"menu_order":0,"comment_status":"closed","ping_status":"closed","template":"","meta":[],"yoast_head":"<!-- This site is optimized with the Yoast SEO plugin v14.4.1 - https:\/\/yoast.com\/wordpress\/plugins\/seo\/ -->\n<title>Paga a plazos tu pedido de La Sonrisa de Afrodita - La Sonrisa de Afrodita<\/title>\n<meta name=\"description\" content=\"\u00a1Por fin un sexshop online d\u00f3nde puedes pagar tus compras a plazos. Tu decides c\u00f3mo lo quieres hacer. Super sencillo y sin apenas comisiones\" \/>\n<meta name=\"robots\" content=\"index, follow\" \/>\n<meta name=\"googlebot\" content=\"index, follow, max-snippet:-1, max-image-preview:large, max-video-preview:-1\" \/>\n<meta name=\"bingbot\" content=\"index, follow, max-snippet:-1, max-image-preview:large, max-video-preview:-1\" \/>\n<link rel=\"canonical\" href=\"https:\/\/www.lasonrisadeafrodita.com\/blog\/paga-a-plazos-tu-pedido-de-la-sonrisa-de-afrodita\/\" \/>\n<meta property=\"og:locale\" content=\"es_ES\" \/>\n<meta property=\"og:type\" content=\"article\" \/>\n<meta property=\"og:title\" content=\"Paga a plazos tu pedido de La Sonrisa de Afrodita - La Sonrisa de Afrodita\" \/>\n<meta property=\"og:description\" content=\"\u00a1Por fin un sexshop online d\u00f3nde puedes pagar tus compras a plazos. Tu decides c\u00f3mo lo quieres hacer. Super sencillo y sin apenas comisiones\" \/>\n<meta property=\"og:url\" content=\"https:\/\/www.lasonrisadeafrodita.com\/blog\/paga-a-plazos-tu-pedido-de-la-sonrisa-de-afrodita\/\" \/>\n<meta property=\"og:site_name\" content=\"La Sonrisa de Afrodita\" \/>\n<meta property=\"article:publisher\" content=\"https:\/\/www.facebook.com\/lasonrisadeafrodita\/\" \/>\n<meta property=\"article:modified_time\" content=\"2018-08-19T08:33:00+00:00\" \/>\n<meta property=\"og:image\" content=\"https:\/\/www.lasonrisadeafrodita.com\/blog\/wp-content\/uploads\/2016\/04\/favicon.png\" \/>\n\t<meta property=\"og:image:width\" content=\"512\" \/>\n\t<meta property=\"og:image:height\" content=\"512\" \/>\n<meta name=\"twitter:card\" content=\"summary_large_image\" \/>\n<meta name=\"twitter:creator\" content=\"@sonrisafrodita\" \/>\n<meta name=\"twitter:site\" content=\"@sonrisafrodita\" \/>\n<script type=\"application\/ld+json\" class=\"yoast-schema-graph\">{\"@context\":\"https:\/\/schema.org\",\"@graph\":[{\"@type\":\"Organization\",\"@id\":\"https:\/\/www.lasonrisadeafrodita.com\/blog\/#organization\",\"name\":\"La Sonrisa de Afrodita: Sexshop Online y Proveedores de Placer\",\"url\":\"https:\/\/www.lasonrisadeafrodita.com\/blog\/\",\"sameAs\":[\"https:\/\/www.facebook.com\/lasonrisadeafrodita\/\",\"https:\/\/www.instagram.com\/bea_afrodita\/\",\"https:\/\/www.youtube.com\/user\/LaSonrisadeAfrodita\",\"https:\/\/twitter.com\/sonrisafrodita\"],\"logo\":{\"@type\":\"ImageObject\",\"@id\":\"https:\/\/www.lasonrisadeafrodita.com\/blog\/#logo\",\"inLanguage\":\"es\",\"url\":\"https:\/\/www.lasonrisadeafrodita.com\/blog\/wp-content\/uploads\/2016\/04\/logo-lsda.png\",\"width\":320,\"height\":90,\"caption\":\"La Sonrisa de Afrodita: Sexshop Online y Proveedores de Placer\"},\"image\":{\"@id\":\"https:\/\/www.lasonrisadeafrodita.com\/blog\/#logo\"}},{\"@type\":\"WebSite\",\"@id\":\"https:\/\/www.lasonrisadeafrodita.com\/blog\/#website\",\"url\":\"https:\/\/www.lasonrisadeafrodita.com\/blog\/\",\"name\":\"La Sonrisa de Afrodita\",\"description\":\"Sexshop Online. Tienda Er\\u00f3tica Online con los productos m\\u00e1s novedosos.\",\"publisher\":{\"@id\":\"https:\/\/www.lasonrisadeafrodita.com\/blog\/#organization\"},\"potentialAction\":[{\"@type\":\"SearchAction\",\"target\":\"https:\/\/www.lasonrisadeafrodita.com\/blog\/?s={search_term_string}\",\"query-input\":\"required name=search_term_string\"}],\"inLanguage\":\"es\"},{\"@type\":\"WebPage\",\"@id\":\"https:\/\/www.lasonrisadeafrodita.com\/blog\/paga-a-plazos-tu-pedido-de-la-sonrisa-de-afrodita\/#webpage\",\"url\":\"https:\/\/www.lasonrisadeafrodita.com\/blog\/paga-a-plazos-tu-pedido-de-la-sonrisa-de-afrodita\/\",\"name\":\"Paga a plazos tu pedido de La Sonrisa de Afrodita - La Sonrisa de Afrodita\",\"isPartOf\":{\"@id\":\"https:\/\/www.lasonrisadeafrodita.com\/blog\/#website\"},\"datePublished\":\"2018-07-25T19:34:56+00:00\",\"dateModified\":\"2018-08-19T08:33:00+00:00\",\"description\":\"\\u00a1Por fin un sexshop online d\\u00f3nde puedes pagar tus compras a plazos. Tu decides c\\u00f3mo lo quieres hacer. Super sencillo y sin apenas comisiones\",\"inLanguage\":\"es\",\"potentialAction\":[{\"@type\":\"ReadAction\",\"target\":[\"https:\/\/www.lasonrisadeafrodita.com\/blog\/paga-a-plazos-tu-pedido-de-la-sonrisa-de-afrodita\/\"]}]}]}<\/script>\n<!-- \/ Yoast SEO plugin. -->","_links":{"self":[{"href":"https:\/\/www.lasonrisadeafrodita.com\/blog\/wp-json\/wp\/v2\/pages\/703"}],"collection":[{"href":"https:\/\/www.lasonrisadeafrodita.com\/blog\/wp-json\/wp\/v2\/pages"}],"about":[{"href":"https:\/\/www.lasonrisadeafrodita.com\/blog\/wp-json\/wp\/v2\/types\/page"}],"author":[{"embeddable":true,"href":"https:\/\/www.lasonrisadeafrodita.com\/blog\/wp-json\/wp\/v2\/users\/1"}],"replies":[{"embeddable":true,"href":"https:\/\/www.lasonrisadeafrodita.com\/blog\/wp-json\/wp\/v2\/comments?post=703"}],"version-history":[{"count":0,"href":"https:\/\/www.lasonrisadeafrodita.com\/blog\/wp-json\/wp\/v2\/pages\/703\/revisions"}],"wp:attachment":[{"href":"https:\/\/www.lasonrisadeafrodita.com\/blog\/wp-json\/wp\/v2\/media?parent=703"}],"curies":[{"name":"wp","href":"https:\/\/api.w.org\/{rel}","templated":true}]}}