{"id":1041,"date":"2018-05-02T11:52:10","date_gmt":"2018-05-02T09:52:10","guid":{"rendered":"http:\/\/www.lasonrisadeafrodita.com\/servicios\/?page_id=1041"},"modified":"2021-12-08T13:31:47","modified_gmt":"2021-12-08T12:31:47","slug":"precio","status":"publish","type":"page","link":"https:\/\/www.lasonrisadeafrodita.com\/servicios\/fotografia-erotica-boudoir\/precio\/","title":{"rendered":"Fotograf\u00eda Boudoir &#8211; Precio"},"content":{"rendered":"<p>[vc_row][vc_column][vc_empty_space height=\u00bb60px\u00bb][vc_column_text]<\/p>\n<h1 style=\"text-align: center;\"><strong><span style=\"font-family: 'Palatino Linotype';\">TARIFA SESI\u00d3N FOTOGRAF\u00cdA BOUDOIR<\/span><\/strong> <small>Zaragoza<\/small><\/h1>\n<p>[\/vc_column_text][vc_empty_space][vc_column_text]<\/p>\n<p style=\"text-align: center;\">\u25c4 <a href=\"https:\/\/www.lasonrisadeafrodita.com\/servicios\/fotografia-erotica-boudoir\/\">Fotograf\u00eda Boudoir Zaragoza<\/a><\/p>\n<p style=\"text-align: center;\">El precio var\u00eda en funci\u00f3n de las extensiones que elijas, que te detallaremos en la primera reuni\u00f3n que tengamos juntos. As\u00ed tendr\u00e1s un <strong>presupuesto ajustado<\/strong> exactamente a lo que quieres.<\/p>\n<p style=\"text-align: center;\">No obstante, ofrecemos unos <strong>planes ideales para tu sesi\u00f3n fotogr\u00e1fica<\/strong> para hacer un bonito regalo a tu pareja por <em>San Valent\u00edn<\/em>, para cualquier ocasi\u00f3n especial que te pueda surgir o para celebrar que hoy es hoy. Ya sabes, <em>Carpe Diem<\/em>.<\/p>\n<p>[\/vc_column_text][vc_column_text]<\/p>\n<p style=\"text-align: center; font-size: 26px;\"><i class=\"fa fa-phone fa-1.5x fa-lg\" style=\"color: #000000;\"><\/i><a style=\"text-decoration: none; color: black;\" href=\"tel:+34668836968\"> 668 83 69 68<\/a><\/p>\n<p>[\/vc_column_text][\/vc_column][\/vc_row][vc_row][vc_column width=\u00bb1\/3&#8243;][vc_column_text]<\/p>\n<h2 style=\"text-align: center;\"><strong><span style=\"font-family: 'Palatino Linotype';\"><em>\u00abAFRODITA <span style=\"color: #a8a8a8;\">SILVER<\/span>\u00ab<\/em><\/span><\/strong><\/h2>\n<p>[\/vc_column_text]<div class=\"ult_pricing_table_wrap ult_design_2  ult-cs-custom  \">\r\n\t\t\t\t\t<div class=\"ult_pricing_table  \" style=\"background:#e2e2e2;\"><div id=\"price-table-wrap-8998\" class=\"ult_pricing_heading\" style=\"background:#a8a8a8;\">\r\n\t\t\t\t\t\t\t<h3  data-ultimate-target='#price-table-wrap-8998 .cust-headformat'  data-responsive-json-new='{\"font-size\":\"\",\"line-height\":\"\"}'  class=\"ult-responsive cust-headformat\" style=\"font-weight:normal;\"><\/h3><\/div><!--ult_pricing_heading--><div class=\"ult_price_body_block\">\r\n\t\t\t\t\t\t\t<div class=\"ult_price_body\">\r\n\t\t\t\t\t\t\t\t<div id=\"price-table-wrap-2528\" class=\"ult_price\">\r\n\t\t\t\t\t\t\t\t\t<span  data-ultimate-target='#price-table-wrap-2528 .ult_price_figure'  data-responsive-json-new='{\"font-size\":\"\",\"line-height\":\"\"}'  class=\"ult_price_figure ult-responsive\" style=\"font-family:'Lato';font-weight:300;\">199 \u20ac<\/span>\r\n\t\t\t\t\t\t\t\t\t<span  data-ultimate-target='#price-table-wrap-2528 .ult_price_term'  data-responsive-json-new='{\"font-size\":\"\",\"line-height\":\"\"}'  class=\"ult_price_term ult-responsive\" style=\"font-family:'Lato';font-style:italic;font-weight:300;\"><\/span>\r\n\t\t\t\t\t\t\t\t<\/div>\r\n\t\t\t\t\t\t\t<\/div>\r\n\t\t\t\t\t\t<\/div><!--ult_price_body_block--><div id=\"price-table-features-wrap-8046\" class=\"ult_price_features ult-responsive\"  data-ultimate-target='#price-table-features-wrap-8046'  data-responsive-json-new='{\"font-size\":\"\",\"line-height\":\"\"}'  style=\"font-weight:normal;\">\r\n\t\t\t\t\t\t\t<ul>\n<li>Sesi\u00f3n fotogr\u00e1fica profesional.<\/li>\n<li>Lugar: Domicilio, nosotros nos ocupamos de prepararlo todo para que la iluminaci\u00f3n y detalles no falten.<\/li>\n<li>Duraci\u00f3n de la sesi\u00f3n de fotos: 3 &#8211; 4 horas aproximadamente.<\/li>\n<li>Asesoramiento en posado y estilismo.<\/li>\n<li>Env\u00edo a trav\u00e9s de plataforma digital: 8 fotos procesadas con m\u00e1xima resoluci\u00f3n para poder imprimir.<\/li>\n<li>Env\u00edo a trav\u00e9s de plataforma digital: 8 fotos procesadas con baja resoluci\u00f3n para compartir a trav\u00e9s de medios digitales.<\/li>\n<li>Tiempo de entrega aproximado: 4 semanas.<\/li>\n<\/ul>\n\r\n\t\t\t\t\t\t<\/div><!--ult_price_features--><div class=\"ult_clr\"><\/div>\r\n\t\t\t<\/div><!--pricing_table-->\r\n\t\t<\/div><!--pricing_table_wrap-->[\/vc_column][vc_column width=\u00bb1\/3&#8243;][vc_column_text]<\/p>\n<h2 style=\"text-align: center;\"><strong><span style=\"font-family: 'Palatino Linotype';\"><em>\u00abAFRODITA <span style=\"color: #ffbf00;\">GOLD<\/span>\u00ab<\/em><\/span><\/strong><\/h2>\n<p>[\/vc_column_text]<div class=\"ult_pricing_table_wrap ult_design_2 ult_featured ult-cs-custom  \">\r\n\t\t\t\t\t<div class=\"ult_pricing_table  \" style=\"background:#fff8ed;\"><div id=\"price-table-wrap-3159\" class=\"ult_pricing_heading\" style=\"background:#ffbf00;\">\r\n\t\t\t\t\t\t\t<h3  data-ultimate-target='#price-table-wrap-3159 .cust-headformat'  data-responsive-json-new='{\"font-size\":\"\",\"line-height\":\"\"}'  class=\"ult-responsive cust-headformat\" style=\"font-weight:normal;\"><\/h3><\/div><!--ult_pricing_heading--><div class=\"ult_price_body_block\">\r\n\t\t\t\t\t\t\t<div class=\"ult_price_body\">\r\n\t\t\t\t\t\t\t\t<div id=\"price-table-wrap-1338\" class=\"ult_price\">\r\n\t\t\t\t\t\t\t\t\t<span  data-ultimate-target='#price-table-wrap-1338 .ult_price_figure'  data-responsive-json-new='{\"font-size\":\"\",\"line-height\":\"\"}'  class=\"ult_price_figure ult-responsive\" style=\"font-family:'Lato';font-style:italic;font-weight:300;\">449 \u20ac<\/span>\r\n\t\t\t\t\t\t\t\t\t<span  data-ultimate-target='#price-table-wrap-1338 .ult_price_term'  data-responsive-json-new='{\"font-size\":\"\",\"line-height\":\"\"}'  class=\"ult_price_term ult-responsive\" style=\"font-weight:normal;\"><\/span>\r\n\t\t\t\t\t\t\t\t<\/div>\r\n\t\t\t\t\t\t\t<\/div>\r\n\t\t\t\t\t\t<\/div><!--ult_price_body_block--><div id=\"price-table-button-wrap-7967\" class=\"ult_price_link\">\r\n\t\t\t\t\t\t\t<a  data-ultimate-target='#price-table-button-wrap-7967 .ult_price_action_button'  data-responsive-json-new='{\"font-size\":\"\",\"line-height\":\"\"}'  href=\"\" target=\"\" class=\"ult_price_action_button ult-responsive\" style=\"background:#ffbf00; font-weight:normal;\">OPCI\u00d3N RECOMENDADA<\/a>\r\n\t\t\t\t\t\t<\/div><!--ult_price_link--><div id=\"price-table-features-wrap-9415\" class=\"ult_price_features ult-responsive\"  data-ultimate-target='#price-table-features-wrap-9415'  data-responsive-json-new='{\"font-size\":\"\",\"line-height\":\"\"}'  style=\"font-weight:normal;\">\r\n\t\t\t\t\t\t\t<ul>\n<li>Sesi\u00f3n fotogr\u00e1fica profesional.<\/li>\n<li>Lugar: Suite de hotel con encanto.<\/li>\n<li>Duraci\u00f3n de la sesi\u00f3n de fotos: 4 &#8211; 5 horas aproximadamente.<\/li>\n<li>Pendrive con 12 fotos procesadas con m\u00e1xima resoluci\u00f3n para poder imprimir y 12 copias en baja resoluci\u00f3n para compartir a trav\u00e9s de medios digitales.<\/li>\n<li>Asesoramiento en posado y estilismo.<\/li>\n<li>Maquillaje y peluquer\u00eda profesional en el mismo lugar de la sesi\u00f3n.<\/li>\n<li>2 complementos incluidos que luego ser\u00e1n para ti.<\/li>\n<li>1 modelo de lencer\u00eda sexy de nuestro cat\u00e1logo que luego ser\u00e1 para ti.<\/li>\n<li>Tiempo de entrega aproximado: 6 semanas.<\/li>\n<\/ul>\n\r\n\t\t\t\t\t\t<\/div><!--ult_price_features--><div class=\"ult_clr\"><\/div>\r\n\t\t\t<\/div><!--pricing_table-->\r\n\t\t<\/div><!--pricing_table_wrap-->[\/vc_column][vc_column width=\u00bb1\/3&#8243;][vc_column_text]<\/p>\n<h2 style=\"text-align: center;\"><strong><span style=\"font-family: 'Palatino Linotype';\"><em>\u00abAFRODITA <span style=\"color: #a8a8a8;\">PLATINUM<\/span>\u00ab<\/em><\/span><\/strong><\/h2>\n<p>[\/vc_column_text]<div class=\"ult_pricing_table_wrap ult_design_2  ult-cs-custom  \">\r\n\t\t\t\t\t<div class=\"ult_pricing_table  \" style=\"background:#f4f4f4;\"><div id=\"price-table-wrap-8484\" class=\"ult_pricing_heading\" style=\"background:#e5e4e2;\">\r\n\t\t\t\t\t\t\t<h3  data-ultimate-target='#price-table-wrap-8484 .cust-headformat'  data-responsive-json-new='{\"font-size\":\"\",\"line-height\":\"\"}'  class=\"ult-responsive cust-headformat\" style=\"font-family:'Lato';font-style:italic;font-weight:300;\"><\/h3><\/div><!--ult_pricing_heading--><div class=\"ult_price_body_block\">\r\n\t\t\t\t\t\t\t<div class=\"ult_price_body\">\r\n\t\t\t\t\t\t\t\t<div id=\"price-table-wrap-9239\" class=\"ult_price\">\r\n\t\t\t\t\t\t\t\t\t<span  data-ultimate-target='#price-table-wrap-9239 .ult_price_figure'  data-responsive-json-new='{\"font-size\":\"\",\"line-height\":\"\"}'  class=\"ult_price_figure ult-responsive\" style=\"font-family:'Lato';font-weight:300;\">699 \u20ac<\/span>\r\n\t\t\t\t\t\t\t\t\t<span  data-ultimate-target='#price-table-wrap-9239 .ult_price_term'  data-responsive-json-new='{\"font-size\":\"\",\"line-height\":\"\"}'  class=\"ult_price_term ult-responsive\" style=\"font-weight:normal;\"><\/span>\r\n\t\t\t\t\t\t\t\t<\/div>\r\n\t\t\t\t\t\t\t<\/div>\r\n\t\t\t\t\t\t<\/div><!--ult_price_body_block--><div id=\"price-table-features-wrap-8584\" class=\"ult_price_features ult-responsive\"  data-ultimate-target='#price-table-features-wrap-8584'  data-responsive-json-new='{\"font-size\":\"\",\"line-height\":\"\"}'  style=\"font-weight:normal;\">\r\n\t\t\t\t\t\t\t<ul>\n<li>Sesi\u00f3n fotogr\u00e1fica profesional.<\/li>\n<li>Lugar: Suite de hotel con encanto.<\/li>\n<li>Duraci\u00f3n de la sesi\u00f3n de fotos: 5 &#8211; 6 horas aproximadamente.<\/li>\n<li>Pendrive con 18 fotos procesadas con m\u00e1xima resoluci\u00f3n para poder imprimir y 18 copias en baja resoluci\u00f3n para compartir a trav\u00e9s de medios digitales.<\/li>\n<li>\u00c1lbum fotogr\u00e1fico impreso profesional con las im\u00e1genes.<\/li>\n<li>Asesoramiento en poses y estilismo.<\/li>\n<li>Maquillaje y peluquer\u00eda profesional en el mismo lugar de la sesi\u00f3n.<\/li>\n<li>3 complementos incluidos que luego ser\u00e1 para ti.<\/li>\n<li>2 modelos de lencer\u00eda sexy de nuestro cat\u00e1logo que luego ser\u00e1n para ti.<\/li>\n<li>Tiempo de entrega aproximado: 8 semanas.<\/li>\n<\/ul>\n\r\n\t\t\t\t\t\t<\/div><!--ult_price_features--><div class=\"ult_clr\"><\/div>\r\n\t\t\t<\/div><!--pricing_table-->\r\n\t\t<\/div><!--pricing_table_wrap-->[\/vc_column][\/vc_row][vc_row type=\u00bb4&#8243; bg_image=\u00bbhttps:\/\/www.lasonrisadeafrodita.com\/servicios\/wp-content\/uploads\/2018\/04\/ottawa-boudoir-75.jpg\u00bb][vc_column][vc_empty_space height=\u00bb60px\u00bb][vc_column_text]<\/p>\n<h2 style=\"text-align: center;\"><strong><span style=\"font-family: 'Palatino Linotype';\">CONTACTA CON NOSOTROS<\/span><\/strong><\/h2>\n<p>[\/vc_column_text][vc_column_text]<\/p>\n<p style=\"text-align: center;\"><em>Si todav\u00eda tienes alguna duda, te animo a que contactes con nosotros y seguro que podremos ayudarte.<\/em><\/p>\n<p style=\"text-align: center;\"><em>No dudes en usar el siguiente formulario, o si lo deseas puedes llamarnos o ponerte en contacto a trav\u00e9s de WhatsApp.<\/em><\/p>\n<p>[\/vc_column_text][vc_empty_space][vc_row_inner][vc_column_inner width=\u00bb3\/4&#8243;]<blockquote class=\"text-big shortcode-blockquote\"><p style=\"text-align: center;\"><div role=\"form\" class=\"wpcf7\" id=\"wpcf7-f981-o1\" lang=\"es-ES\" dir=\"ltr\">\n<div class=\"screen-reader-response\" role=\"alert\" aria-live=\"polite\"><\/div>\n<form action=\"\/servicios\/wp-json\/wp\/v2\/pages\/1041#wpcf7-f981-o1\" method=\"post\" class=\"wpcf7-form init\" novalidate=\"novalidate\">\n<div style=\"display: none;\">\n<input type=\"hidden\" name=\"_wpcf7\" value=\"981\" \/>\n<input type=\"hidden\" name=\"_wpcf7_version\" value=\"5.2.1\" \/>\n<input type=\"hidden\" name=\"_wpcf7_locale\" value=\"es_ES\" \/>\n<input type=\"hidden\" name=\"_wpcf7_unit_tag\" value=\"wpcf7-f981-o1\" \/>\n<input type=\"hidden\" name=\"_wpcf7_container_post\" value=\"0\" \/>\n<input type=\"hidden\" name=\"_wpcf7_posted_data_hash\" value=\"\" \/>\n<input type=\"hidden\" name=\"_wpcf7_recaptcha_response\" value=\"\" \/>\n<\/div>\n<p><label> \u00bfC\u00f3mo te llamas?<br \/>\n    <span class=\"wpcf7-form-control-wrap your-name\"><input type=\"text\" name=\"your-name\" value=\"\" size=\"40\" class=\"wpcf7-form-control wpcf7-text\" aria-invalid=\"false\" \/><\/span> <\/label><\/p>\n<p><label> *\u00bfCu\u00e1l es tu email?<br \/>\n    <span class=\"wpcf7-form-control-wrap your-email\"><input type=\"email\" name=\"your-email\" value=\"\" size=\"40\" class=\"wpcf7-form-control wpcf7-text wpcf7-email wpcf7-validates-as-required wpcf7-validates-as-email\" aria-required=\"true\" aria-invalid=\"false\" \/><\/span> <\/label><\/p>\n<p><label> *\u00bfCu\u00e1l es tu n\u00ba tel\u00e9fono?<br \/>\n    <span class=\"wpcf7-form-control-wrap your-phone\"><input type=\"tel\" name=\"your-phone\" value=\"\" size=\"40\" minlength=\"9\" class=\"wpcf7-form-control wpcf7-text wpcf7-tel wpcf7-validates-as-required wpcf7-validates-as-tel\" aria-required=\"true\" aria-invalid=\"false\" \/><\/span> <\/label><\/p>\n<p><label> \u00bfDe d\u00f3nde eres?<br \/>\n    <span class=\"wpcf7-form-control-wrap ciudad-2\"><input type=\"text\" name=\"ciudad-2\" value=\"\" size=\"40\" class=\"wpcf7-form-control wpcf7-text\" aria-invalid=\"false\" \/><\/span> <\/label><\/p>\n<p><label> \u00bfAlgo que a\u00f1adir?<br \/>\n    <span class=\"wpcf7-form-control-wrap your-message\"><textarea name=\"your-message\" cols=\"40\" rows=\"5\" class=\"wpcf7-form-control wpcf7-textarea\" aria-invalid=\"false\"><\/textarea><\/span> <\/label><\/p>\n<p style=\"text-align:right;\"><input type=\"submit\" value=\"\u00a1Enviar mensaje!*\" class=\"wpcf7-form-control wpcf7-submit\" \/><\/p>\n<p style=\"color:white; font-size:10px;\">* Confirmo que soy mayor de edad. <br\/>* He le\u00eddo y acepto la <a href=\"\/\/www.lasonrisadeafrodita.com\/content\/6-politica-privacidad\" target=\"_blank\" rel=\"nofollow noopener\" style=\"color:white;\">Pol\u00edtica de Privacidad<\/a> del responsable Gabedal 2015 S.L. que contiene informaci\u00f3n sobre el tratamiento de mis datos personales, con la finalidad de responder a mi consulta y promocionar sus servicios, as\u00ed como el medio de ejercer los derechos que me asisten sobre el tratamiento de dichos datos.<\/p>\n<div class=\"wpcf7-response-output\" role=\"alert\" aria-hidden=\"true\"><\/div><\/form><\/div>\n<\/blockquote>[\/vc_column_inner][vc_column_inner width=\u00bb1\/4&#8243;][\/vc_column_inner][\/vc_row_inner][vc_empty_space height=\u00bb60px\u00bb][\/vc_column][\/vc_row]<\/p>\n","protected":false},"excerpt":{"rendered":"<p>[vc_row][vc_column][vc_empty_space height=\u00bb60px\u00bb][vc_column_text] TARIFA SESI\u00d3N FOTOGRAF\u00cdA BOUDOIR Zaragoza [\/vc_column_text][vc_empty_space][vc_column_text] \u25c4 Fotograf\u00eda Boudoir Zaragoza El precio var\u00eda en funci\u00f3n de las extensiones que elijas, que te detallaremos en la primera reuni\u00f3n que tengamos juntos. As\u00ed tendr\u00e1s un presupuesto ajustado exactamente a lo que quieres. No obstante, ofrecemos unos planes ideales para tu sesi\u00f3n fotogr\u00e1fica para hacer un&hellip;<\/p>\n","protected":false},"author":3,"featured_media":863,"parent":934,"menu_order":0,"comment_status":"closed","ping_status":"closed","template":"","meta":[],"yoast_head":"<!-- This site is optimized with the Yoast SEO plugin v14.8 - https:\/\/yoast.com\/wordpress\/plugins\/seo\/ -->\n<title>Fotograf\u00eda Boudoir - Precio - La Sonrisa de Afrodita<\/title>\n<meta name=\"robots\" content=\"index, follow\" \/>\n<meta name=\"googlebot\" content=\"index, follow, max-snippet:-1, max-image-preview:large, max-video-preview:-1\" \/>\n<meta name=\"bingbot\" content=\"index, follow, max-snippet:-1, max-image-preview:large, max-video-preview:-1\" \/>\n<link rel=\"canonical\" href=\"https:\/\/www.lasonrisadeafrodita.com\/servicios\/fotografia-erotica-boudoir\/precio\/\" \/>\n<meta property=\"og:locale\" content=\"es_ES\" \/>\n<meta property=\"og:type\" content=\"article\" \/>\n<meta property=\"og:title\" content=\"Fotograf\u00eda Boudoir - Precio - La Sonrisa de Afrodita\" \/>\n<meta property=\"og:description\" content=\"[vc_row][vc_column][vc_empty_space height=\u00bb60px\u00bb][vc_column_text] TARIFA SESI\u00d3N FOTOGRAF\u00cdA BOUDOIR Zaragoza [\/vc_column_text][vc_empty_space][vc_column_text] \u25c4 Fotograf\u00eda Boudoir Zaragoza El precio var\u00eda en funci\u00f3n de las extensiones que elijas, que te detallaremos en la primera reuni\u00f3n que tengamos juntos. As\u00ed tendr\u00e1s un presupuesto ajustado exactamente a lo que quieres. No obstante, ofrecemos unos planes ideales para tu sesi\u00f3n fotogr\u00e1fica para hacer un&hellip;\" \/>\n<meta property=\"og:url\" content=\"https:\/\/www.lasonrisadeafrodita.com\/servicios\/fotografia-erotica-boudoir\/precio\/\" \/>\n<meta property=\"og:site_name\" content=\"La Sonrisa de Afrodita\" \/>\n<meta property=\"article:publisher\" content=\"http:\/\/www.facebook.com\/lasonrisadeafrodita\/\" \/>\n<meta property=\"article:modified_time\" content=\"2021-12-08T12:31:47+00:00\" \/>\n<meta property=\"og:image\" content=\"https:\/\/www.lasonrisadeafrodita.com\/servicios\/wp-content\/uploads\/2018\/04\/boudoir-photography-nh-ma-5.jpg\" \/>\n\t<meta property=\"og:image:width\" content=\"1500\" \/>\n\t<meta property=\"og:image:height\" content=\"1001\" \/>\n<meta name=\"twitter:card\" content=\"summary_large_image\" \/>\n<meta name=\"twitter:creator\" content=\"@sonrisafrodita\" \/>\n<meta name=\"twitter:site\" content=\"@sonrisafrodita\" \/>\n<script type=\"application\/ld+json\" class=\"yoast-schema-graph\">{\"@context\":\"https:\/\/schema.org\",\"@graph\":[{\"@type\":\"WebSite\",\"@id\":\"https:\/\/www.lasonrisadeafrodita.com\/servicios\/#website\",\"url\":\"https:\/\/www.lasonrisadeafrodita.com\/servicios\/\",\"name\":\"La Sonrisa de Afrodita\",\"description\":\"Sexshop Online. Tienda Er\\u00f3tica Online con los productos m\\u00e1s novedosos.\",\"potentialAction\":[{\"@type\":\"SearchAction\",\"target\":\"https:\/\/www.lasonrisadeafrodita.com\/servicios\/?s={search_term_string}\",\"query-input\":\"required name=search_term_string\"}],\"inLanguage\":\"es\"},{\"@type\":\"ImageObject\",\"@id\":\"https:\/\/www.lasonrisadeafrodita.com\/servicios\/fotografia-erotica-boudoir\/precio\/#primaryimage\",\"inLanguage\":\"es\",\"url\":\"https:\/\/www.lasonrisadeafrodita.com\/servicios\/wp-content\/uploads\/2018\/04\/boudoir-photography-nh-ma-5.jpg\",\"width\":1500,\"height\":1001,\"caption\":\"fotografia boudoir zaragoza\"},{\"@type\":\"WebPage\",\"@id\":\"https:\/\/www.lasonrisadeafrodita.com\/servicios\/fotografia-erotica-boudoir\/precio\/#webpage\",\"url\":\"https:\/\/www.lasonrisadeafrodita.com\/servicios\/fotografia-erotica-boudoir\/precio\/\",\"name\":\"Fotograf\\u00eda Boudoir - Precio - La Sonrisa de Afrodita\",\"isPartOf\":{\"@id\":\"https:\/\/www.lasonrisadeafrodita.com\/servicios\/#website\"},\"primaryImageOfPage\":{\"@id\":\"https:\/\/www.lasonrisadeafrodita.com\/servicios\/fotografia-erotica-boudoir\/precio\/#primaryimage\"},\"datePublished\":\"2018-05-02T09:52:10+00:00\",\"dateModified\":\"2021-12-08T12:31:47+00:00\",\"inLanguage\":\"es\",\"potentialAction\":[{\"@type\":\"ReadAction\",\"target\":[\"https:\/\/www.lasonrisadeafrodita.com\/servicios\/fotografia-erotica-boudoir\/precio\/\"]}]}]}<\/script>\n<!-- \/ Yoast SEO plugin. -->","_links":{"self":[{"href":"https:\/\/www.lasonrisadeafrodita.com\/servicios\/wp-json\/wp\/v2\/pages\/1041"}],"collection":[{"href":"https:\/\/www.lasonrisadeafrodita.com\/servicios\/wp-json\/wp\/v2\/pages"}],"about":[{"href":"https:\/\/www.lasonrisadeafrodita.com\/servicios\/wp-json\/wp\/v2\/types\/page"}],"author":[{"embeddable":true,"href":"https:\/\/www.lasonrisadeafrodita.com\/servicios\/wp-json\/wp\/v2\/users\/3"}],"replies":[{"embeddable":true,"href":"https:\/\/www.lasonrisadeafrodita.com\/servicios\/wp-json\/wp\/v2\/comments?post=1041"}],"version-history":[{"count":2,"href":"https:\/\/www.lasonrisadeafrodita.com\/servicios\/wp-json\/wp\/v2\/pages\/1041\/revisions"}],"predecessor-version":[{"id":1938,"href":"https:\/\/www.lasonrisadeafrodita.com\/servicios\/wp-json\/wp\/v2\/pages\/1041\/revisions\/1938"}],"up":[{"embeddable":true,"href":"https:\/\/www.lasonrisadeafrodita.com\/servicios\/wp-json\/wp\/v2\/pages\/934"}],"wp:featuredmedia":[{"embeddable":true,"href":"https:\/\/www.lasonrisadeafrodita.com\/servicios\/wp-json\/wp\/v2\/media\/863"}],"wp:attachment":[{"href":"https:\/\/www.lasonrisadeafrodita.com\/servicios\/wp-json\/wp\/v2\/media?parent=1041"}],"curies":[{"name":"wp","href":"https:\/\/api.w.org\/{rel}","templated":true}]}}