{"id":1635,"date":"2019-09-28T20:59:02","date_gmt":"2019-09-28T18:59:02","guid":{"rendered":"https:\/\/www.lasonrisadeafrodita.com\/servicios\/?page_id=1635"},"modified":"2019-10-24T09:57:03","modified_gmt":"2019-10-24T07:57:03","slug":"galeria","status":"publish","type":"page","link":"https:\/\/www.lasonrisadeafrodita.com\/servicios\/fotografia-erotica-boudoir\/galeria\/","title":{"rendered":"Galer\u00eda de Fotos Boudoir"},"content":{"rendered":"\n<figure class=\"wp-block-image is-resized\"><img loading=\"lazy\" src=\"https:\/\/www.lasonrisadeafrodita.com\/servicios\/wp-content\/uploads\/2019\/10\/SHEILA_016-1024x766.jpg\" alt=\"\" class=\"wp-image-1662\" width=\"579\" height=\"432\" srcset=\"https:\/\/www.lasonrisadeafrodita.com\/servicios\/wp-content\/uploads\/2019\/10\/SHEILA_016-1024x766.jpg 1024w, https:\/\/www.lasonrisadeafrodita.com\/servicios\/wp-content\/uploads\/2019\/10\/SHEILA_016-300x224.jpg 300w, https:\/\/www.lasonrisadeafrodita.com\/servicios\/wp-content\/uploads\/2019\/10\/SHEILA_016-768x575.jpg 768w, https:\/\/www.lasonrisadeafrodita.com\/servicios\/wp-content\/uploads\/2019\/10\/SHEILA_016.jpg 1500w\" sizes=\"(max-width: 579px) 100vw, 579px\" \/><\/figure>\n\n\n\n<ul class=\"wp-block-gallery columns-3 is-cropped\"><li class=\"blocks-gallery-item\"><figure><img loading=\"lazy\" width=\"683\" height=\"1024\" src=\"https:\/\/www.lasonrisadeafrodita.com\/servicios\/wp-content\/uploads\/2018\/06\/CRIS_02web-683x1024.jpg\" alt=\"\" data-id=\"1392\" data-link=\"https:\/\/www.lasonrisadeafrodita.com\/servicios\/cris_02web\/\" class=\"wp-image-1392\" srcset=\"https:\/\/www.lasonrisadeafrodita.com\/servicios\/wp-content\/uploads\/2018\/06\/CRIS_02web-683x1024.jpg 683w, https:\/\/www.lasonrisadeafrodita.com\/servicios\/wp-content\/uploads\/2018\/06\/CRIS_02web-200x300.jpg 200w, https:\/\/www.lasonrisadeafrodita.com\/servicios\/wp-content\/uploads\/2018\/06\/CRIS_02web-768x1152.jpg 768w, https:\/\/www.lasonrisadeafrodita.com\/servicios\/wp-content\/uploads\/2018\/06\/CRIS_02web.jpg 960w\" sizes=\"(max-width: 683px) 100vw, 683px\" \/><\/figure><\/li><li class=\"blocks-gallery-item\"><figure><img loading=\"lazy\" width=\"683\" height=\"1024\" src=\"https:\/\/www.lasonrisadeafrodita.com\/servicios\/wp-content\/uploads\/2018\/06\/CRIS_01web-683x1024.jpg\" alt=\"\" data-id=\"1391\" data-link=\"https:\/\/www.lasonrisadeafrodita.com\/servicios\/cris_01web\/\" class=\"wp-image-1391\" srcset=\"https:\/\/www.lasonrisadeafrodita.com\/servicios\/wp-content\/uploads\/2018\/06\/CRIS_01web-683x1024.jpg 683w, https:\/\/www.lasonrisadeafrodita.com\/servicios\/wp-content\/uploads\/2018\/06\/CRIS_01web-200x300.jpg 200w, https:\/\/www.lasonrisadeafrodita.com\/servicios\/wp-content\/uploads\/2018\/06\/CRIS_01web-768x1152.jpg 768w, https:\/\/www.lasonrisadeafrodita.com\/servicios\/wp-content\/uploads\/2018\/06\/CRIS_01web.jpg 960w\" sizes=\"(max-width: 683px) 100vw, 683px\" \/><\/figure><\/li><li class=\"blocks-gallery-item\"><figure><img loading=\"lazy\" width=\"683\" height=\"1024\" src=\"https:\/\/www.lasonrisadeafrodita.com\/servicios\/wp-content\/uploads\/2018\/06\/CRIS_03web-683x1024.jpg\" alt=\"\" data-id=\"1393\" data-link=\"https:\/\/www.lasonrisadeafrodita.com\/servicios\/cris_03web\/\" class=\"wp-image-1393\" srcset=\"https:\/\/www.lasonrisadeafrodita.com\/servicios\/wp-content\/uploads\/2018\/06\/CRIS_03web-683x1024.jpg 683w, https:\/\/www.lasonrisadeafrodita.com\/servicios\/wp-content\/uploads\/2018\/06\/CRIS_03web-200x300.jpg 200w, https:\/\/www.lasonrisadeafrodita.com\/servicios\/wp-content\/uploads\/2018\/06\/CRIS_03web-768x1152.jpg 768w, https:\/\/www.lasonrisadeafrodita.com\/servicios\/wp-content\/uploads\/2018\/06\/CRIS_03web.jpg 960w\" sizes=\"(max-width: 683px) 100vw, 683px\" \/><\/figure><\/li><\/ul>\n\n\n\n<figure class=\"wp-block-image\"><img loading=\"lazy\" width=\"1024\" height=\"784\" src=\"https:\/\/www.lasonrisadeafrodita.com\/servicios\/wp-content\/uploads\/2018\/06\/CRIS_07web-1024x784.jpg\" alt=\"\" class=\"wp-image-1397\" srcset=\"https:\/\/www.lasonrisadeafrodita.com\/servicios\/wp-content\/uploads\/2018\/06\/CRIS_07web-1024x784.jpg 1024w, https:\/\/www.lasonrisadeafrodita.com\/servicios\/wp-content\/uploads\/2018\/06\/CRIS_07web-300x230.jpg 300w, https:\/\/www.lasonrisadeafrodita.com\/servicios\/wp-content\/uploads\/2018\/06\/CRIS_07web-768x588.jpg 768w, https:\/\/www.lasonrisadeafrodita.com\/servicios\/wp-content\/uploads\/2018\/06\/CRIS_07web.jpg 1440w\" sizes=\"(max-width: 1024px) 100vw, 1024px\" \/><\/figure>\n\n\n\n<ul class=\"wp-block-gallery columns-3 is-cropped\"><li class=\"blocks-gallery-item\"><figure><img loading=\"lazy\" width=\"671\" height=\"1024\" src=\"https:\/\/www.lasonrisadeafrodita.com\/servicios\/wp-content\/uploads\/2019\/10\/LOURDES_0242-671x1024.jpg\" alt=\"\" data-id=\"1654\" data-link=\"https:\/\/www.lasonrisadeafrodita.com\/servicios\/galeria-de-fotografia-boudoir-la-sonrisa-de-afrodita\/lourdes_0242\/\" class=\"wp-image-1654\" srcset=\"https:\/\/www.lasonrisadeafrodita.com\/servicios\/wp-content\/uploads\/2019\/10\/LOURDES_0242-671x1024.jpg 671w, https:\/\/www.lasonrisadeafrodita.com\/servicios\/wp-content\/uploads\/2019\/10\/LOURDES_0242-197x300.jpg 197w, https:\/\/www.lasonrisadeafrodita.com\/servicios\/wp-content\/uploads\/2019\/10\/LOURDES_0242-768x1172.jpg 768w, https:\/\/www.lasonrisadeafrodita.com\/servicios\/wp-content\/uploads\/2019\/10\/LOURDES_0242.jpg 774w\" sizes=\"(max-width: 671px) 100vw, 671px\" \/><\/figure><\/li><li class=\"blocks-gallery-item\"><figure><img loading=\"lazy\" width=\"682\" height=\"1024\" src=\"https:\/\/www.lasonrisadeafrodita.com\/servicios\/wp-content\/uploads\/2019\/10\/LOURDES_0224-682x1024.jpg\" alt=\"\" data-id=\"1653\" data-link=\"https:\/\/www.lasonrisadeafrodita.com\/servicios\/galeria-de-fotografia-boudoir-la-sonrisa-de-afrodita\/lourdes_0224\/\" class=\"wp-image-1653\" srcset=\"https:\/\/www.lasonrisadeafrodita.com\/servicios\/wp-content\/uploads\/2019\/10\/LOURDES_0224-682x1024.jpg 682w, https:\/\/www.lasonrisadeafrodita.com\/servicios\/wp-content\/uploads\/2019\/10\/LOURDES_0224-200x300.jpg 200w, https:\/\/www.lasonrisadeafrodita.com\/servicios\/wp-content\/uploads\/2019\/10\/LOURDES_0224-768x1152.jpg 768w, https:\/\/www.lasonrisadeafrodita.com\/servicios\/wp-content\/uploads\/2019\/10\/LOURDES_0224.jpg 787w\" sizes=\"(max-width: 682px) 100vw, 682px\" \/><\/figure><\/li><li class=\"blocks-gallery-item\"><figure><img loading=\"lazy\" width=\"682\" height=\"1024\" src=\"https:\/\/www.lasonrisadeafrodita.com\/servicios\/wp-content\/uploads\/2019\/10\/LOURDES_0247-682x1024.jpg\" alt=\"\" data-id=\"1655\" data-link=\"https:\/\/www.lasonrisadeafrodita.com\/servicios\/galeria-de-fotografia-boudoir-la-sonrisa-de-afrodita\/lourdes_0247\/\" class=\"wp-image-1655\" srcset=\"https:\/\/www.lasonrisadeafrodita.com\/servicios\/wp-content\/uploads\/2019\/10\/LOURDES_0247-682x1024.jpg 682w, https:\/\/www.lasonrisadeafrodita.com\/servicios\/wp-content\/uploads\/2019\/10\/LOURDES_0247-200x300.jpg 200w, https:\/\/www.lasonrisadeafrodita.com\/servicios\/wp-content\/uploads\/2019\/10\/LOURDES_0247-768x1152.jpg 768w, https:\/\/www.lasonrisadeafrodita.com\/servicios\/wp-content\/uploads\/2019\/10\/LOURDES_0247.jpg 787w\" sizes=\"(max-width: 682px) 100vw, 682px\" \/><\/figure><\/li><\/ul>\n\n\n\n<figure class=\"wp-block-image\"><img loading=\"lazy\" width=\"1024\" height=\"683\" src=\"https:\/\/www.lasonrisadeafrodita.com\/servicios\/wp-content\/uploads\/2018\/06\/CRIS_06web-1024x683.jpg\" alt=\"\" class=\"wp-image-1396\" srcset=\"https:\/\/www.lasonrisadeafrodita.com\/servicios\/wp-content\/uploads\/2018\/06\/CRIS_06web-1024x683.jpg 1024w, https:\/\/www.lasonrisadeafrodita.com\/servicios\/wp-content\/uploads\/2018\/06\/CRIS_06web-300x200.jpg 300w, https:\/\/www.lasonrisadeafrodita.com\/servicios\/wp-content\/uploads\/2018\/06\/CRIS_06web-768x512.jpg 768w, https:\/\/www.lasonrisadeafrodita.com\/servicios\/wp-content\/uploads\/2018\/06\/CRIS_06web.jpg 1440w\" sizes=\"(max-width: 1024px) 100vw, 1024px\" \/><\/figure>\n\n\n\n<ul class=\"wp-block-gallery columns-3 is-cropped\"><li class=\"blocks-gallery-item\"><figure><img loading=\"lazy\" width=\"767\" height=\"1024\" src=\"https:\/\/www.lasonrisadeafrodita.com\/servicios\/wp-content\/uploads\/2018\/06\/RUTH-OK-21web-767x1024.jpg\" alt=\"fotografia erotica zaragoza\" data-id=\"1551\" data-link=\"https:\/\/www.lasonrisadeafrodita.com\/servicios\/dt_slideshow\/boudoir\/ruth-ok-21web\/\" class=\"wp-image-1551\" srcset=\"https:\/\/www.lasonrisadeafrodita.com\/servicios\/wp-content\/uploads\/2018\/06\/RUTH-OK-21web-767x1024.jpg 767w, https:\/\/www.lasonrisadeafrodita.com\/servicios\/wp-content\/uploads\/2018\/06\/RUTH-OK-21web-225x300.jpg 225w, https:\/\/www.lasonrisadeafrodita.com\/servicios\/wp-content\/uploads\/2018\/06\/RUTH-OK-21web-768x1025.jpg 768w, https:\/\/www.lasonrisadeafrodita.com\/servicios\/wp-content\/uploads\/2018\/06\/RUTH-OK-21web.jpg 1079w\" sizes=\"(max-width: 767px) 100vw, 767px\" \/><\/figure><\/li><li class=\"blocks-gallery-item\"><figure><img loading=\"lazy\" width=\"767\" height=\"1024\" src=\"https:\/\/www.lasonrisadeafrodita.com\/servicios\/wp-content\/uploads\/2018\/06\/RUTH-OK-11web-767x1024.jpg\" alt=\"fotografia boudoir zaragoza\" data-id=\"1543\" data-link=\"https:\/\/www.lasonrisadeafrodita.com\/servicios\/dt_slideshow\/boudoir\/ruth-ok-11web\/\" class=\"wp-image-1543\" srcset=\"https:\/\/www.lasonrisadeafrodita.com\/servicios\/wp-content\/uploads\/2018\/06\/RUTH-OK-11web-767x1024.jpg 767w, https:\/\/www.lasonrisadeafrodita.com\/servicios\/wp-content\/uploads\/2018\/06\/RUTH-OK-11web-225x300.jpg 225w, https:\/\/www.lasonrisadeafrodita.com\/servicios\/wp-content\/uploads\/2018\/06\/RUTH-OK-11web-768x1025.jpg 768w, https:\/\/www.lasonrisadeafrodita.com\/servicios\/wp-content\/uploads\/2018\/06\/RUTH-OK-11web.jpg 1079w\" sizes=\"(max-width: 767px) 100vw, 767px\" \/><\/figure><\/li><li class=\"blocks-gallery-item\"><figure><img loading=\"lazy\" width=\"767\" height=\"1024\" src=\"https:\/\/www.lasonrisadeafrodita.com\/servicios\/wp-content\/uploads\/2018\/06\/RUTH-OK-07web-767x1024.jpg\" alt=\"fotografia erotica zaragoza\" data-id=\"1539\" data-link=\"https:\/\/www.lasonrisadeafrodita.com\/servicios\/dt_slideshow\/boudoir\/ruth-ok-07web\/\" class=\"wp-image-1539\" srcset=\"https:\/\/www.lasonrisadeafrodita.com\/servicios\/wp-content\/uploads\/2018\/06\/RUTH-OK-07web-767x1024.jpg 767w, https:\/\/www.lasonrisadeafrodita.com\/servicios\/wp-content\/uploads\/2018\/06\/RUTH-OK-07web-225x300.jpg 225w, https:\/\/www.lasonrisadeafrodita.com\/servicios\/wp-content\/uploads\/2018\/06\/RUTH-OK-07web-768x1025.jpg 768w, https:\/\/www.lasonrisadeafrodita.com\/servicios\/wp-content\/uploads\/2018\/06\/RUTH-OK-07web.jpg 1079w\" sizes=\"(max-width: 767px) 100vw, 767px\" \/><\/figure><\/li><\/ul>\n\n\n\n<figure class=\"wp-block-image\"><img loading=\"lazy\" width=\"1024\" height=\"767\" src=\"https:\/\/www.lasonrisadeafrodita.com\/servicios\/wp-content\/uploads\/2018\/06\/RUTH-OK-17web-1024x767.jpg\" alt=\"fotografia erotica zaragoza\" class=\"wp-image-1548\" srcset=\"https:\/\/www.lasonrisadeafrodita.com\/servicios\/wp-content\/uploads\/2018\/06\/RUTH-OK-17web-1024x767.jpg 1024w, https:\/\/www.lasonrisadeafrodita.com\/servicios\/wp-content\/uploads\/2018\/06\/RUTH-OK-17web-300x225.jpg 300w, https:\/\/www.lasonrisadeafrodita.com\/servicios\/wp-content\/uploads\/2018\/06\/RUTH-OK-17web-768x575.jpg 768w, https:\/\/www.lasonrisadeafrodita.com\/servicios\/wp-content\/uploads\/2018\/06\/RUTH-OK-17web.jpg 1440w\" sizes=\"(max-width: 1024px) 100vw, 1024px\" \/><\/figure>\n\n\n\n<ul class=\"wp-block-gallery aligncenter columns-3 is-cropped\"><li class=\"blocks-gallery-item\"><figure><img loading=\"lazy\" width=\"683\" height=\"1024\" src=\"https:\/\/www.lasonrisadeafrodita.com\/servicios\/wp-content\/uploads\/2018\/06\/SHEILA_21w-683x1024.jpg\" alt=\"\" data-id=\"1420\" data-link=\"https:\/\/www.lasonrisadeafrodita.com\/servicios\/sheila_21w\/\" class=\"wp-image-1420\" srcset=\"https:\/\/www.lasonrisadeafrodita.com\/servicios\/wp-content\/uploads\/2018\/06\/SHEILA_21w-683x1024.jpg 683w, https:\/\/www.lasonrisadeafrodita.com\/servicios\/wp-content\/uploads\/2018\/06\/SHEILA_21w-200x300.jpg 200w, https:\/\/www.lasonrisadeafrodita.com\/servicios\/wp-content\/uploads\/2018\/06\/SHEILA_21w-768x1152.jpg 768w\" sizes=\"(max-width: 683px) 100vw, 683px\" \/><\/figure><\/li><li class=\"blocks-gallery-item\"><figure><img loading=\"lazy\" width=\"767\" height=\"1024\" src=\"https:\/\/www.lasonrisadeafrodita.com\/servicios\/wp-content\/uploads\/2018\/06\/RUTH-OK-13web-767x1024.jpg\" alt=\"fotografia erotica zaragoza\" data-id=\"1545\" data-link=\"https:\/\/www.lasonrisadeafrodita.com\/servicios\/dt_slideshow\/boudoir\/ruth-ok-13web\/\" class=\"wp-image-1545\" srcset=\"https:\/\/www.lasonrisadeafrodita.com\/servicios\/wp-content\/uploads\/2018\/06\/RUTH-OK-13web-767x1024.jpg 767w, https:\/\/www.lasonrisadeafrodita.com\/servicios\/wp-content\/uploads\/2018\/06\/RUTH-OK-13web-225x300.jpg 225w, https:\/\/www.lasonrisadeafrodita.com\/servicios\/wp-content\/uploads\/2018\/06\/RUTH-OK-13web-768x1025.jpg 768w, https:\/\/www.lasonrisadeafrodita.com\/servicios\/wp-content\/uploads\/2018\/06\/RUTH-OK-13web.jpg 1079w\" sizes=\"(max-width: 767px) 100vw, 767px\" \/><\/figure><\/li><li class=\"blocks-gallery-item\"><figure><img loading=\"lazy\" width=\"683\" height=\"1024\" src=\"https:\/\/www.lasonrisadeafrodita.com\/servicios\/wp-content\/uploads\/2018\/06\/SHEILA_18w-683x1024.jpg\" alt=\"\" data-id=\"1417\" data-link=\"https:\/\/www.lasonrisadeafrodita.com\/servicios\/sheila_18w\/\" class=\"wp-image-1417\" srcset=\"https:\/\/www.lasonrisadeafrodita.com\/servicios\/wp-content\/uploads\/2018\/06\/SHEILA_18w-683x1024.jpg 683w, https:\/\/www.lasonrisadeafrodita.com\/servicios\/wp-content\/uploads\/2018\/06\/SHEILA_18w-200x300.jpg 200w, https:\/\/www.lasonrisadeafrodita.com\/servicios\/wp-content\/uploads\/2018\/06\/SHEILA_18w-768x1152.jpg 768w\" sizes=\"(max-width: 683px) 100vw, 683px\" \/><\/figure><\/li><\/ul>\n\n\n\n<figure class=\"wp-block-image\"><img loading=\"lazy\" width=\"1024\" height=\"770\" src=\"https:\/\/www.lasonrisadeafrodita.com\/servicios\/wp-content\/uploads\/2019\/10\/LOURDES_0226-1024x770.jpg\" alt=\"\" class=\"wp-image-1658\" srcset=\"https:\/\/www.lasonrisadeafrodita.com\/servicios\/wp-content\/uploads\/2019\/10\/LOURDES_0226-1024x770.jpg 1024w, https:\/\/www.lasonrisadeafrodita.com\/servicios\/wp-content\/uploads\/2019\/10\/LOURDES_0226-300x226.jpg 300w, https:\/\/www.lasonrisadeafrodita.com\/servicios\/wp-content\/uploads\/2019\/10\/LOURDES_0226-768x577.jpg 768w, https:\/\/www.lasonrisadeafrodita.com\/servicios\/wp-content\/uploads\/2019\/10\/LOURDES_0226.jpg 1181w\" sizes=\"(max-width: 1024px) 100vw, 1024px\" \/><\/figure>\n\n\n\n<figure class=\"wp-block-image\"><img loading=\"lazy\" width=\"1024\" height=\"682\" src=\"https:\/\/www.lasonrisadeafrodita.com\/servicios\/wp-content\/uploads\/2019\/10\/LOURDES_0104-b-1024x682.jpg\" alt=\"\" class=\"wp-image-1657\" srcset=\"https:\/\/www.lasonrisadeafrodita.com\/servicios\/wp-content\/uploads\/2019\/10\/LOURDES_0104-b-1024x682.jpg 1024w, https:\/\/www.lasonrisadeafrodita.com\/servicios\/wp-content\/uploads\/2019\/10\/LOURDES_0104-b-300x200.jpg 300w, https:\/\/www.lasonrisadeafrodita.com\/servicios\/wp-content\/uploads\/2019\/10\/LOURDES_0104-b-768x512.jpg 768w, https:\/\/www.lasonrisadeafrodita.com\/servicios\/wp-content\/uploads\/2019\/10\/LOURDES_0104-b.jpg 1181w\" sizes=\"(max-width: 1024px) 100vw, 1024px\" \/><\/figure>\n\n\n\n<ul class=\"wp-block-gallery columns-2 is-cropped\"><li class=\"blocks-gallery-item\"><figure><img loading=\"lazy\" width=\"1024\" height=\"683\" src=\"https:\/\/www.lasonrisadeafrodita.com\/servicios\/wp-content\/uploads\/2018\/06\/SHEILA_005w-1024x683.jpg\" alt=\"\" data-id=\"1410\" data-link=\"https:\/\/www.lasonrisadeafrodita.com\/servicios\/sheila_005w\/\" class=\"wp-image-1410\" srcset=\"https:\/\/www.lasonrisadeafrodita.com\/servicios\/wp-content\/uploads\/2018\/06\/SHEILA_005w-1024x683.jpg 1024w, https:\/\/www.lasonrisadeafrodita.com\/servicios\/wp-content\/uploads\/2018\/06\/SHEILA_005w-300x200.jpg 300w, https:\/\/www.lasonrisadeafrodita.com\/servicios\/wp-content\/uploads\/2018\/06\/SHEILA_005w-768x512.jpg 768w\" sizes=\"(max-width: 1024px) 100vw, 1024px\" \/><\/figure><\/li><li class=\"blocks-gallery-item\"><figure><img loading=\"lazy\" width=\"1024\" height=\"683\" src=\"https:\/\/www.lasonrisadeafrodita.com\/servicios\/wp-content\/uploads\/2018\/06\/SHEILA_19w-1024x683.jpg\" alt=\"\" data-id=\"1418\" data-link=\"https:\/\/www.lasonrisadeafrodita.com\/servicios\/sheila_19w\/\" class=\"wp-image-1418\" srcset=\"https:\/\/www.lasonrisadeafrodita.com\/servicios\/wp-content\/uploads\/2018\/06\/SHEILA_19w-1024x683.jpg 1024w, https:\/\/www.lasonrisadeafrodita.com\/servicios\/wp-content\/uploads\/2018\/06\/SHEILA_19w-300x200.jpg 300w, https:\/\/www.lasonrisadeafrodita.com\/servicios\/wp-content\/uploads\/2018\/06\/SHEILA_19w-768x512.jpg 768w\" sizes=\"(max-width: 1024px) 100vw, 1024px\" \/><\/figure><\/li><\/ul>\n\n\n\n<figure class=\"wp-block-image\"><img loading=\"lazy\" width=\"1024\" height=\"678\" src=\"https:\/\/www.lasonrisadeafrodita.com\/servicios\/wp-content\/uploads\/2019\/10\/LOURDES_0071-1024x678.jpg\" alt=\"\" class=\"wp-image-1659\" srcset=\"https:\/\/www.lasonrisadeafrodita.com\/servicios\/wp-content\/uploads\/2019\/10\/LOURDES_0071-1024x678.jpg 1024w, https:\/\/www.lasonrisadeafrodita.com\/servicios\/wp-content\/uploads\/2019\/10\/LOURDES_0071-300x199.jpg 300w, https:\/\/www.lasonrisadeafrodita.com\/servicios\/wp-content\/uploads\/2019\/10\/LOURDES_0071-768x509.jpg 768w, https:\/\/www.lasonrisadeafrodita.com\/servicios\/wp-content\/uploads\/2019\/10\/LOURDES_0071.jpg 1181w\" sizes=\"(max-width: 1024px) 100vw, 1024px\" \/><\/figure>\n","protected":false},"excerpt":{"rendered":"","protected":false},"author":1,"featured_media":1397,"parent":934,"menu_order":0,"comment_status":"closed","ping_status":"closed","template":"","meta":[],"yoast_head":"<!-- This site is optimized with the Yoast SEO plugin v14.8 - https:\/\/yoast.com\/wordpress\/plugins\/seo\/ -->\n<title>Galer\u00eda de Fotos Boudoir - La Sonrisa de Afrodita<\/title>\n<meta name=\"description\" content=\"Fotos boudoir que hemos realizado en nuestras sesiones de fotograf\u00eda er\u00f3tica en Zaragoza. Mujeres que se han aceptado y quieren mostrar sul lado m\u00e1s er\u00f3tico\" \/>\n<meta name=\"robots\" content=\"index, follow\" \/>\n<meta name=\"googlebot\" content=\"index, follow, max-snippet:-1, max-image-preview:large, max-video-preview:-1\" \/>\n<meta name=\"bingbot\" content=\"index, follow, max-snippet:-1, max-image-preview:large, max-video-preview:-1\" \/>\n<link rel=\"canonical\" href=\"https:\/\/www.lasonrisadeafrodita.com\/servicios\/fotografia-erotica-boudoir\/galeria\/\" \/>\n<meta property=\"og:locale\" content=\"es_ES\" \/>\n<meta property=\"og:type\" content=\"article\" \/>\n<meta property=\"og:title\" content=\"Galer\u00eda de Fotos Boudoir - La Sonrisa de Afrodita\" \/>\n<meta property=\"og:description\" content=\"Fotos boudoir que hemos realizado en nuestras sesiones de fotograf\u00eda er\u00f3tica en Zaragoza. Mujeres que se han aceptado y quieren mostrar sul lado m\u00e1s er\u00f3tico\" \/>\n<meta property=\"og:url\" content=\"https:\/\/www.lasonrisadeafrodita.com\/servicios\/fotografia-erotica-boudoir\/galeria\/\" \/>\n<meta property=\"og:site_name\" content=\"La Sonrisa de Afrodita\" \/>\n<meta property=\"article:publisher\" content=\"http:\/\/www.facebook.com\/lasonrisadeafrodita\/\" \/>\n<meta property=\"article:modified_time\" content=\"2019-10-24T07:57:03+00:00\" \/>\n<meta property=\"og:image\" content=\"https:\/\/www.lasonrisadeafrodita.com\/servicios\/wp-content\/uploads\/2018\/06\/CRIS_07web.jpg\" \/>\n\t<meta property=\"og:image:width\" content=\"1440\" \/>\n\t<meta property=\"og:image:height\" content=\"1103\" \/>\n<meta name=\"twitter:card\" content=\"summary_large_image\" \/>\n<meta name=\"twitter:creator\" content=\"@sonrisafrodita\" \/>\n<meta name=\"twitter:site\" content=\"@sonrisafrodita\" \/>\n<script type=\"application\/ld+json\" class=\"yoast-schema-graph\">{\"@context\":\"https:\/\/schema.org\",\"@graph\":[{\"@type\":\"WebSite\",\"@id\":\"https:\/\/www.lasonrisadeafrodita.com\/servicios\/#website\",\"url\":\"https:\/\/www.lasonrisadeafrodita.com\/servicios\/\",\"name\":\"La Sonrisa de Afrodita\",\"description\":\"Sexshop Online. Tienda Er\\u00f3tica Online con los productos m\\u00e1s novedosos.\",\"potentialAction\":[{\"@type\":\"SearchAction\",\"target\":\"https:\/\/www.lasonrisadeafrodita.com\/servicios\/?s={search_term_string}\",\"query-input\":\"required name=search_term_string\"}],\"inLanguage\":\"es\"},{\"@type\":\"ImageObject\",\"@id\":\"https:\/\/www.lasonrisadeafrodita.com\/servicios\/fotografia-erotica-boudoir\/galeria\/#primaryimage\",\"inLanguage\":\"es\",\"url\":\"https:\/\/www.lasonrisadeafrodita.com\/servicios\/wp-content\/uploads\/2018\/06\/CRIS_07web.jpg\",\"width\":1440,\"height\":1103},{\"@type\":\"WebPage\",\"@id\":\"https:\/\/www.lasonrisadeafrodita.com\/servicios\/fotografia-erotica-boudoir\/galeria\/#webpage\",\"url\":\"https:\/\/www.lasonrisadeafrodita.com\/servicios\/fotografia-erotica-boudoir\/galeria\/\",\"name\":\"Galer\\u00eda de Fotos Boudoir - La Sonrisa de Afrodita\",\"isPartOf\":{\"@id\":\"https:\/\/www.lasonrisadeafrodita.com\/servicios\/#website\"},\"primaryImageOfPage\":{\"@id\":\"https:\/\/www.lasonrisadeafrodita.com\/servicios\/fotografia-erotica-boudoir\/galeria\/#primaryimage\"},\"datePublished\":\"2019-09-28T18:59:02+00:00\",\"dateModified\":\"2019-10-24T07:57:03+00:00\",\"description\":\"Fotos boudoir que hemos realizado en nuestras sesiones de fotograf\\u00eda er\\u00f3tica en Zaragoza. Mujeres que se han aceptado y quieren mostrar sul lado m\\u00e1s er\\u00f3tico\",\"inLanguage\":\"es\",\"potentialAction\":[{\"@type\":\"ReadAction\",\"target\":[\"https:\/\/www.lasonrisadeafrodita.com\/servicios\/fotografia-erotica-boudoir\/galeria\/\"]}]}]}<\/script>\n<!-- \/ Yoast SEO plugin. -->","_links":{"self":[{"href":"https:\/\/www.lasonrisadeafrodita.com\/servicios\/wp-json\/wp\/v2\/pages\/1635"}],"collection":[{"href":"https:\/\/www.lasonrisadeafrodita.com\/servicios\/wp-json\/wp\/v2\/pages"}],"about":[{"href":"https:\/\/www.lasonrisadeafrodita.com\/servicios\/wp-json\/wp\/v2\/types\/page"}],"author":[{"embeddable":true,"href":"https:\/\/www.lasonrisadeafrodita.com\/servicios\/wp-json\/wp\/v2\/users\/1"}],"replies":[{"embeddable":true,"href":"https:\/\/www.lasonrisadeafrodita.com\/servicios\/wp-json\/wp\/v2\/comments?post=1635"}],"version-history":[{"count":10,"href":"https:\/\/www.lasonrisadeafrodita.com\/servicios\/wp-json\/wp\/v2\/pages\/1635\/revisions"}],"predecessor-version":[{"id":1673,"href":"https:\/\/www.lasonrisadeafrodita.com\/servicios\/wp-json\/wp\/v2\/pages\/1635\/revisions\/1673"}],"up":[{"embeddable":true,"href":"https:\/\/www.lasonrisadeafrodita.com\/servicios\/wp-json\/wp\/v2\/pages\/934"}],"wp:featuredmedia":[{"embeddable":true,"href":"https:\/\/www.lasonrisadeafrodita.com\/servicios\/wp-json\/wp\/v2\/media\/1397"}],"wp:attachment":[{"href":"https:\/\/www.lasonrisadeafrodita.com\/servicios\/wp-json\/wp\/v2\/media?parent=1635"}],"curies":[{"name":"wp","href":"https:\/\/api.w.org\/{rel}","templated":true}]}}